{"id":2151,"date":"2025-08-16T12:16:46","date_gmt":"2025-08-16T12:16:46","guid":{"rendered":"https:\/\/ownglasspl.com\/?page_id=2151"},"modified":"2025-08-16T12:52:33","modified_gmt":"2025-08-16T12:52:33","slug":"elementor-2151","status":"publish","type":"page","link":"https:\/\/ownglasspl.com\/de\/elementor-2151\/","title":{"rendered":"Elementor #2151"},"content":{"rendered":"<div data-elementor-type=\"wp-post\" data-elementor-id=\"2151\" class=\"elementor elementor-2151\">\n\t\t\t\t<header class=\"elementor-element elementor-element-910bff4 e-flex e-con-boxed e-con e-parent\" data-id=\"910bff4\" data-element_type=\"container\">\n\t\t\t\t\t<div class=\"e-con-inner\">\n\t\t<div class=\"elementor-element elementor-element-0da9431 e-con-full e-flex e-con e-child\" data-id=\"0da9431\" data-element_type=\"container\">\n\t\t\t\t<div class=\"elementor-element elementor-element-1460fb1 elementor-widget-mobile__width-inherit glow elementor-invisible elementor-widget elementor-widget-google_maps\" data-id=\"1460fb1\" data-element_type=\"widget\" data-settings=\"{&quot;_animation&quot;:&quot;fadeIn&quot;}\" data-widget_type=\"google_maps.default\">\n\t\t\t\t<div class=\"elementor-widget-container\">\n\t\t\t\t\t\t\t<div class=\"elementor-custom-embed\">\n\t\t\t<iframe loading=\"lazy\"\n\t\t\t\t\tsrc=\"https:\/\/maps.google.com\/maps?q=Ownglass%2C%20Wroc%C5%82awska%203%2C%2055-020%20Rzeplin%2C%20%D0%9F%D0%BE%D0%BB%D1%8C%D1%88%D0%B0&#038;t=m&#038;z=15&#038;output=embed&#038;iwloc=near\"\n\t\t\t\t\ttitle=\"Ownglass, Wroc\u0142awska 3, 55-020 Rzeplin, \u041f\u043e\u043b\u044c\u0448\u0430\"\n\t\t\t\t\taria-label=\"Ownglass, Wroc\u0142awska 3, 55-020 Rzeplin, \u041f\u043e\u043b\u044c\u0448\u0430\"\n\t\t\t><\/iframe>\n\t\t<\/div>\n\t\t\t\t\t\t<\/div>\n\t\t\t\t<\/div>\n\t\t\t\t<div class=\"elementor-element elementor-element-8642153 elementor-widget elementor-widget-shortcode\" data-id=\"8642153\" data-element_type=\"widget\" data-widget_type=\"shortcode.default\">\n\t\t\t\t<div class=\"elementor-widget-container\">\n\t\t\t\t\t\t\t<div class=\"elementor-shortcode\"><script type=\"text\/javascript\">\n(function(d, w, s) {\n    var widgetHash = '1MWUnWDxcnmvv0VoLl9L', bch = d.createElement(s); bch.type = 'text\/javascript'; bch.async = true;\n    bch.src = '\/\/widgets.binotel.com\/chat\/widgets\/' + widgetHash + '.js';\n    var sn = d.getElementsByTagName(s)[0]; sn.parentNode.insertBefore(bch, sn);\n})(document, window, 'script');\n<\/script><\/div>\n\t\t\t\t\t\t<\/div>\n\t\t\t\t<\/div>\n\t\t<div class=\"elementor-element elementor-element-e2104ae e-con-full e-flex elementor-invisible e-con e-child\" data-id=\"e2104ae\" data-element_type=\"container\" data-settings=\"{&quot;animation&quot;:&quot;fadeIn&quot;}\">\n\t\t\t\t<div class=\"elementor-element elementor-element-e3205b0 elementor-position-left elementor-mobile-position-left elementor-view-default elementor-widget elementor-widget-icon-box\" data-id=\"e3205b0\" data-element_type=\"widget\" data-widget_type=\"icon-box.default\">\n\t\t\t\t<div class=\"elementor-widget-container\">\n\t\t\t\t\t\t\t<div class=\"elementor-icon-box-wrapper\">\n\n\t\t\t\t\t\t<div class=\"elementor-icon-box-icon\">\n\t\t\t\t<a href=\"https:\/\/maps.app.goo.gl\/oorWLTX7FY6x5AdL6\" class=\"elementor-icon\" tabindex=\"-1\" aria-label=\"Anschrift:\" target=\"_blank\" rel=\"noopener\">\n\t\t\t\t<svg aria-hidden=\"true\" class=\"e-font-icon-svg e-fas-map-marker-alt\" viewbox=\"0 0 384 512\" xmlns=\"http:\/\/www.w3.org\/2000\/svg\"><path d=\"M172.268 501.67C26.97 291.031 0 269.413 0 192 0 85.961 85.961 0 192 0s192 85.961 192 192c0 77.413-26.97 99.031-172.268 309.67-9.535 13.774-29.93 13.773-39.464 0zM192 272c44.183 0 80-35.817 80-80s-35.817-80-80-80-80 35.817-80 80 35.817 80 80 80z\"><\/path><\/svg>\t\t\t\t<\/a>\n\t\t\t<\/div>\n\t\t\t\n\t\t\t\t\t\t<div class=\"elementor-icon-box-content\">\n\n\t\t\t\t\t\t\t\t\t<h4 class=\"elementor-icon-box-title\">\n\t\t\t\t\t\t<a href=\"https:\/\/maps.app.goo.gl\/oorWLTX7FY6x5AdL6\" target=\"_blank\" rel=\"noopener\">\n\t\t\t\t\t\t\tAnschrift:\t\t\t\t\t\t<\/a>\n\t\t\t\t\t<\/h4>\n\t\t\t\t\n\t\t\t\t\t\t\t\t\t<p class=\"elementor-icon-box-description\">\n\t\t\t\t\t\t<a>\nWROC\u0141AWSKA 3, Rzeplin 55-020\n<\/a>\t\t\t\t\t<\/p>\n\t\t\t\t\n\t\t\t<\/div>\n\t\t\t\n\t\t<\/div>\n\t\t\t\t\t\t<\/div>\n\t\t\t\t<\/div>\n\t\t\t\t<div class=\"elementor-element elementor-element-41d6d28 elementor-position-left elementor-mobile-position-left elementor-view-default elementor-widget elementor-widget-icon-box\" data-id=\"41d6d28\" data-element_type=\"widget\" data-widget_type=\"icon-box.default\">\n\t\t\t\t<div class=\"elementor-widget-container\">\n\t\t\t\t\t\t\t<div class=\"elementor-icon-box-wrapper\">\n\n\t\t\t\t\t\t<div class=\"elementor-icon-box-icon\">\n\t\t\t\t<a href=\"tel:+48739645968\" class=\"elementor-icon\" tabindex=\"-1\" aria-label=\"Rufnummer:\">\n\t\t\t\t<svg aria-hidden=\"true\" class=\"e-font-icon-svg e-fas-phone-alt\" viewbox=\"0 0 512 512\" xmlns=\"http:\/\/www.w3.org\/2000\/svg\"><path d=\"M497.39 361.8l-112-48a24 24 0 0 0-28 6.9l-49.6 60.6A370.66 370.66 0 0 1 130.6 204.11l60.6-49.6a23.94 23.94 0 0 0 6.9-28l-48-112A24.16 24.16 0 0 0 122.6.61l-104 24A24 24 0 0 0 0 48c0 256.5 207.9 464 464 464a24 24 0 0 0 23.4-18.6l24-104a24.29 24.29 0 0 0-14.01-27.6z\"><\/path><\/svg>\t\t\t\t<\/a>\n\t\t\t<\/div>\n\t\t\t\n\t\t\t\t\t\t<div class=\"elementor-icon-box-content\">\n\n\t\t\t\t\t\t\t\t\t<h3 class=\"elementor-icon-box-title\">\n\t\t\t\t\t\t<a href=\"tel:+48739645968\" >\n\t\t\t\t\t\t\tRufnummer:\t\t\t\t\t\t<\/a>\n\t\t\t\t\t<\/h3>\n\t\t\t\t\n\t\t\t\t\t\t\t\t\t<p class=\"elementor-icon-box-description\">\n\t\t\t\t\t\t<a href=\"tel:+48886519915\">+48 886 519 915<\/a>\n\t\t\t\t\t<\/p>\n\t\t\t\t\n\t\t\t<\/div>\n\t\t\t\n\t\t<\/div>\n\t\t\t\t\t\t<\/div>\n\t\t\t\t<\/div>\n\t\t\t\t<div class=\"elementor-element elementor-element-f923ceb elementor-position-left elementor-mobile-position-left elementor-view-default elementor-widget elementor-widget-icon-box\" data-id=\"f923ceb\" data-element_type=\"widget\" data-widget_type=\"icon-box.default\">\n\t\t\t\t<div class=\"elementor-widget-container\">\n\t\t\t\t\t\t\t<div class=\"elementor-icon-box-wrapper\">\n\n\t\t\t\t\t\t<div class=\"elementor-icon-box-icon\">\n\t\t\t\t<a href=\"mailto:ownglass.contact@gmail.com\" class=\"elementor-icon\" tabindex=\"-1\" aria-label=\"E-Mail:\">\n\t\t\t\t<svg aria-hidden=\"true\" class=\"e-font-icon-svg e-fas-envelope\" viewbox=\"0 0 512 512\" xmlns=\"http:\/\/www.w3.org\/2000\/svg\"><path d=\"M502.3 190.8c3.9-3.1 9.7-.2 9.7 4.7V400c0 26.5-21.5 48-48 48H48c-26.5 0-48-21.5-48-48V195.6c0-5 5.7-7.8 9.7-4.7 22.4 17.4 52.1 39.5 154.1 113.6 21.1 15.4 56.7 47.8 92.2 47.6 35.7.3 72-32.8 92.3-47.6 102-74.1 131.6-96.3 154-113.7zM256 320c23.2.4 56.6-29.2 73.4-41.4 132.7-96.3 142.8-104.7 173.4-128.7 5.8-4.5 9.2-11.5 9.2-18.9v-19c0-26.5-21.5-48-48-48H48C21.5 64 0 85.5 0 112v19c0 7.4 3.4 14.3 9.2 18.9 30.6 23.9 40.7 32.4 173.4 128.7 16.8 12.2 50.2 41.8 73.4 41.4z\"><\/path><\/svg>\t\t\t\t<\/a>\n\t\t\t<\/div>\n\t\t\t\n\t\t\t\t\t\t<div class=\"elementor-icon-box-content\">\n\n\t\t\t\t\t\t\t\t\t<h3 class=\"elementor-icon-box-title\">\n\t\t\t\t\t\t<a href=\"mailto:ownglass.contact@gmail.com\" >\n\t\t\t\t\t\t\tE-Mail:\t\t\t\t\t\t<\/a>\n\t\t\t\t\t<\/h3>\n\t\t\t\t\n\t\t\t\t\t\t\t\t\t<p class=\"elementor-icon-box-description\">\n\t\t\t\t\t\t<a href=\"mailto:ownglass.contact@gmail.com\">ownglass.contact@gmail.com<\/a>\t\t\t\t\t<\/p>\n\t\t\t\t\n\t\t\t<\/div>\n\t\t\t\n\t\t<\/div>\n\t\t\t\t\t\t<\/div>\n\t\t\t\t<\/div>\n\t\t\t\t<\/div>\n\t\t\t\t<\/div>\n\t\t<div class=\"elementor-element elementor-element-f52f309 e-con-full e-flex e-con e-child\" data-id=\"f52f309\" data-element_type=\"container\">\n\t\t\t\t<div class=\"elementor-element elementor-element-b652bd7 elementor-icon-list--layout-traditional elementor-list-item-link-full_width elementor-widget elementor-widget-icon-list\" data-id=\"b652bd7\" data-element_type=\"widget\" data-widget_type=\"icon-list.default\">\n\t\t\t\t<div class=\"elementor-widget-container\">\n\t\t\t\t\t\t\t<ul class=\"elementor-icon-list-items\">\n\t\t\t\t\t\t\t<li class=\"elementor-icon-list-item\">\n\t\t\t\t\t\t\t\t\t\t\t<span class=\"elementor-icon-list-icon\">\n\t\t\t\t\t\t\t<svg aria-hidden=\"true\" class=\"e-font-icon-svg e-fas-comments\" viewbox=\"0 0 576 512\" xmlns=\"http:\/\/www.w3.org\/2000\/svg\"><path d=\"M416 192c0-88.4-93.1-160-208-160S0 103.6 0 192c0 34.3 14.1 65.9 38 92-13.4 30.2-35.5 54.2-35.8 54.5-2.2 2.3-2.8 5.7-1.5 8.7S4.8 352 8 352c36.6 0 66.9-12.3 88.7-25 32.2 15.7 70.3 25 111.3 25 114.9 0 208-71.6 208-160zm122 220c23.9-26 38-57.7 38-92 0-66.9-53.5-124.2-129.3-148.1.9 6.6 1.3 13.3 1.3 20.1 0 105.9-107.7 192-240 192-10.8 0-21.3-.8-31.7-1.9C207.8 439.6 281.8 480 368 480c41 0 79.1-9.2 111.3-25 21.8 12.7 52.1 25 88.7 25 3.2 0 6.1-1.9 7.3-4.8 1.3-2.9.7-6.3-1.5-8.7-.3-.3-22.4-24.2-35.8-54.5z\"><\/path><\/svg>\t\t\t\t\t\t<\/span>\n\t\t\t\t\t\t\t\t\t\t<span class=\"elementor-icon-list-text\">kontakt<\/span>\n\t\t\t\t\t\t\t\t\t<\/li>\n\t\t\t\t\t\t<\/ul>\n\t\t\t\t\t\t<\/div>\n\t\t\t\t<\/div>\n\t\t\t\t<div class=\"elementor-element elementor-element-e61b514 elementor-invisible elementor-widget elementor-widget-heading\" data-id=\"e61b514\" data-element_type=\"widget\" data-settings=\"{&quot;_animation&quot;:&quot;fadeIn&quot;}\" data-widget_type=\"heading.default\">\n\t\t\t\t<div class=\"elementor-widget-container\">\n\t\t\t\t\t<h2 class=\"elementor-heading-title elementor-size-default\">Skontaktuj si\u0119 z nami!<\/h2>\t\t\t\t<\/div>\n\t\t\t\t<\/div>\n\t\t\t\t<div class=\"elementor-element elementor-element-1d501e9 elementor-invisible elementor-widget elementor-widget-text-editor\" data-id=\"1d501e9\" data-element_type=\"widget\" data-settings=\"{&quot;_animation&quot;:&quot;fadeIn&quot;}\" data-widget_type=\"text-editor.default\">\n\t\t\t\t<div class=\"elementor-widget-container\">\n\t\t\t\t\t\t\t\t\t<p><span style=\"font-weight: 400;\">Wype\u0142nij formularz, a my odpowiemy na Twoje pytania.<\/span><\/p>\t\t\t\t\t\t\t\t<\/div>\n\t\t\t\t<\/div>\n\t\t<div class=\"elementor-element elementor-element-aa4f0aa e-con-full e-flex e-con e-child\" data-id=\"aa4f0aa\" data-element_type=\"container\">\n\t\t\t\t<div class=\"elementor-element elementor-element-46cfabe elementor-invisible elementor-widget elementor-widget-shortcode\" data-id=\"46cfabe\" data-element_type=\"widget\" data-settings=\"{&quot;_animation&quot;:&quot;fadeIn&quot;}\" data-widget_type=\"shortcode.default\">\n\t\t\t\t<div class=\"elementor-widget-container\">\n\t\t\t\t\t\t\t<div class=\"elementor-shortcode\">\n<div class=\"wpcf7 no-js\" id=\"wpcf7-f2157-o1\" lang=\"pl-PL\" dir=\"ltr\" data-wpcf7-id=\"2157\">\n<div class=\"screen-reader-response\"><p role=\"status\" aria-live=\"polite\" aria-atomic=\"true\"><\/p> <ul><\/ul><\/div>\n<form action=\"\/de\/wp-json\/wp\/v2\/pages\/2151#wpcf7-f2157-o1\" method=\"post\" class=\"wpcf7-form init\" aria-label=\"Formularz kontaktowy\" novalidate=\"novalidate\" data-status=\"init\" data-trp-original-action=\"\/de\/wp-json\/wp\/v2\/pages\/2151#wpcf7-f2157-o1\">\n<fieldset class=\"hidden-fields-container\"><input type=\"hidden\" name=\"_wpcf7\" value=\"2157\" \/><input type=\"hidden\" name=\"_wpcf7_version\" value=\"6.1.1\" \/><input type=\"hidden\" name=\"_wpcf7_locale\" value=\"pl_PL\" \/><input type=\"hidden\" name=\"_wpcf7_unit_tag\" value=\"wpcf7-f2157-o1\" \/><input type=\"hidden\" name=\"_wpcf7_container_post\" value=\"0\" \/><input type=\"hidden\" name=\"_wpcf7_posted_data_hash\" value=\"\" \/>\n<\/fieldset>\n<p><span class=\"wpcf7-form-control-wrap\" data-name=\"name1\"><input size=\"40\" maxlength=\"400\" class=\"wpcf7-form-control wpcf7-text wpcf7-validates-as-required\" aria-required=\"true\" aria-invalid=\"false\" placeholder=\"Name\" value=\"\" type=\"text\" name=\"name1\" \/><\/span>\n<\/p>\n<p><span class=\"wpcf7-form-control-wrap\" data-name=\"number\"><input size=\"40\" maxlength=\"400\" class=\"wpcf7-form-control wpcf7-tel wpcf7-text wpcf7-validates-as-tel\" aria-invalid=\"false\" placeholder=\"Rufnummer\" value=\"\" type=\"tel\" name=\"number\" \/><\/span>\n<\/p>\n<p><span class=\"wpcf7-form-control-wrap\" data-name=\"email\"><input size=\"40\" maxlength=\"400\" class=\"wpcf7-form-control wpcf7-email wpcf7-validates-as-required wpcf7-text wpcf7-validates-as-email\" aria-required=\"true\" aria-invalid=\"false\" placeholder=\"E-Mail\" value=\"\" type=\"email\" name=\"email\" \/><\/span>\n<\/p>\n<p><span class=\"wpcf7-form-control-wrap\" data-name=\"question\"><textarea cols=\"40\" rows=\"10\" maxlength=\"2000\" class=\"wpcf7-form-control wpcf7-textarea wpcf7-validates-as-required\" aria-required=\"true\" aria-invalid=\"false\" placeholder=\"Zadaj pytanie\" name=\"question\"><\/textarea><\/span>\n<\/p>\n<style>\n\/* === Upload \u2013 jak reszta p\u00f3l, r\u00f3wny odst\u0119p, hover tylko na ikonie === *\/\n.wpcf7 .custom-file-upload .codedropz-upload-wrapper{\n position:relative;\n margin:0 0 12px; \/* TOP = 0, \u017ceby nie dublowa\u0107 z marginesem textarea *\/\n min-height:110px;\n border:1px solid #e5e7eb;\n border-radius:12px;\n background:#f3f4f6;\n padding:16px;\n padding-bottom:28px; \/* oddech pod podpisem *\/\n}\n\n\/* ukryj domy\u015blne napisy, zachowaj klikalno\u015b\u0107 *\/\n.wpcf7 .custom-file-upload .codedropz-message{ position:absolute; left:-9999px; }\n.wpcf7 .custom-file-upload .cd-upload-btn{\n position:absolute !important; inset:0 !important;\n width:100% !important; height:100% !important;\n opacity:0 !important; cursor:pointer !important; z-index:3;\n}\n\n\/* IKONA \u2013 wy\u017cej (miejsce na podpis) *\/\n.wpcf7 .custom-file-upload .codedropz-upload-wrapper::before{\n content:\"\";\n position:absolute; left:50%; top:50%; transform:translate(-50%,-64%);\n width:40px; height:40px; z-index:1; pointer-events:none;\n background:no-repeat center\/contain\n url(\"data:image\/svg+xml,%3Csvg xmlns='http:\/\/www.w3.org\/2000\/svg' viewBox='0 0 24 24'%3E%3Cpath fill='%238A939B' d='M6 20q-.825 0-1.412-.587T4 18v-2q0-.425.288-.712T5 15t.713.288T6 16v2h12v-2q0-.425.288-.712T19 15t.713.288T20 16v2q0 .825-.587 1.413T18 20zm5-12.15L9.125 9.725q-.3.3-.712.288T7.7 9.7q-.275-.3-.288-.7t.288-.7l3.6-3.6q.15-.15.325-.212T12 4.425t.375.063t.325.212l3.6 3.6q.3.3.288.7t-.288.7q-.3.3-.712.313t-.713-.288L13 7.85V15q0 .425-.288.713T12 16t-.712-.288T11 15z'\/%3E%3C\/svg%3E\");\n transition: transform .15s ease, background-image .15s ease;\n}\n\n\/* PODPIS \u2013 wi\u0119cej przerwy od ikony *\/\n.wpcf7 .custom-file-upload .codedropz-upload-wrapper::after{\n content:\"Wybierz niekt\u00f3re pliki\";\n position:absolute; left:50%; top:calc(50% + 26px);\n transform:translateX(-50%);\n font-size:14px; color:#6b7280; letter-spacing:.2px; z-index:2; pointer-events:none;\n}\n\n\/* HOVER \u2013 tylko ikona na #208FDF *\/\n.wpcf7 .custom-file-upload .codedropz-upload-wrapper:hover::before{\n transform:translate(-50%,-64%) scale(0.92);\n background-image:url(\"data:image\/svg+xml,%3Csvg xmlns='http:\/\/www.w3.org\/2000\/svg' viewBox='0 0 24 24'%3E%3Cpath fill='%23208FDF' d='M6 20q-.825 0-1.412-.587T4 18v-2q0-.425.288-.712T5 15t.713.288T6 16v2h12v-2q0-.425.288-.712T19 15t.713.288T20 16v2q0 .825-.587 1.413T18 20zm5-12.15L9.125 9.725q-.3.3-.712.288T7.7 9.7q-.275-.3-.288-.7t.288-.7l3.6-3.6q.15-.15.325-.212T12 4.425t.375.063t.325.212l3.6 3.6q.3.3.288.7t-.288.7q-.3.3-.712.313t-.713-.288L13 7.85V15q0 .425-.288.713T12 16t-.712-.288T11 15z'\/%3E%3C\/svg%3E\");\n}\n\n\/* lista wybranych plik\u00f3w \u2013 nad ikon\u0105\/podpisem *\/\n.wpcf7 .custom-file-upload .cd-upload-list,\n.wpcf7 .custom-file-upload .cd-upload-files{\n position:relative; z-index:4; padding:12px 16px;\n}\n<\/style>\n<div class=\"custom-file-upload\">\n\t<p><span class=\"wpcf7-form-control-wrap\" data-name=\"files\"><input size=\"40\" class=\"wpcf7-form-control wpcf7-drag-n-drop-file d-none\" aria-required=\"true\" aria-invalid=\"false\" type=\"file\" multiple=\"multiple\" data-name=\"files\" data-type=\"pdf|jpg|jpeg|png|doc|docx\" data-limit=\"20971520\" data-max=\"3\" data-id=\"2157\" data-version=\"free version 1.3.9.1\" accept=\".pdf, .jpg, .jpeg, .png, .doc, .docx\" \/><\/span>\n\t<\/p>\n<\/div>\n<p><span class=\"wpcf7-form-control-wrap\" data-name=\"acceptance\"><span class=\"wpcf7-form-control wpcf7-acceptance\"><span class=\"wpcf7-list-item\"><label><input type=\"checkbox\" name=\"acceptance\" value=\"1\" aria-invalid=\"false\" \/><span class=\"wpcf7-list-item-label\">Die Angabe der Daten ist freiwillig. Ich erkl\u00e4re mich mit der Verarbeitung meiner im obigen Formular angegebenen personenbezogenen Daten zum alleinigen Zweck der Beantwortung der von mir gesendeten Nachricht einverstanden. Die im Formular angegebenen personenbezogenen Daten k\u00f6nnen vom Verwalter in \u00dcbereinstimmung mit den geltenden Rechtsvorschriften (insbesondere den Bestimmungen der RODO) und der Datenschutzerkl\u00e4rung verarbeitet werden.<\/span><\/label><\/span><\/span><\/span>\n<\/p>\n<p><input class=\"wpcf7-form-control wpcf7-submit has-spinner submit\" type=\"submit\" value=\"Senden Sie\" \/>\n<\/p><div class=\"wpcf7-response-output\" aria-hidden=\"true\"><\/div>\n<input type=\"hidden\" name=\"trp-form-language\" value=\"de\"\/><\/form>\n<\/div>\n<\/div>\n\t\t\t\t\t\t<\/div>\n\t\t\t\t<\/div>\n\t\t\t\t<\/div>\n\t\t\t\t<\/div>\n\t\t\t\t\t<\/div>\n\t\t\t\t<\/header>\n\t\t\t\t<\/div>","protected":false},"excerpt":{"rendered":"<p>Addres: ul. WROC\u0141AWSKA 3. Rzeplin 55-020 Numer telefonu: +48 886 519 915 E-mail: ownglass.contact@gmail.com kontakt Skontaktuj si\u0119 z nami! Wype\u0142nij formularz, a my odpowiemy na Twoje pytania.<\/p>","protected":false},"author":1,"featured_media":0,"parent":0,"menu_order":0,"comment_status":"closed","ping_status":"closed","template":"","meta":{"footnotes":""},"class_list":["post-2151","page","type-page","status-publish","hentry"],"_links":{"self":[{"href":"https:\/\/ownglasspl.com\/de\/wp-json\/wp\/v2\/pages\/2151","targetHints":{"allow":["GET"]}}],"collection":[{"href":"https:\/\/ownglasspl.com\/de\/wp-json\/wp\/v2\/pages"}],"about":[{"href":"https:\/\/ownglasspl.com\/de\/wp-json\/wp\/v2\/types\/page"}],"author":[{"embeddable":true,"href":"https:\/\/ownglasspl.com\/de\/wp-json\/wp\/v2\/users\/1"}],"replies":[{"embeddable":true,"href":"https:\/\/ownglasspl.com\/de\/wp-json\/wp\/v2\/comments?post=2151"}],"version-history":[{"count":13,"href":"https:\/\/ownglasspl.com\/de\/wp-json\/wp\/v2\/pages\/2151\/revisions"}],"predecessor-version":[{"id":2170,"href":"https:\/\/ownglasspl.com\/de\/wp-json\/wp\/v2\/pages\/2151\/revisions\/2170"}],"wp:attachment":[{"href":"https:\/\/ownglasspl.com\/de\/wp-json\/wp\/v2\/media?parent=2151"}],"curies":[{"name":"wp","href":"https:\/\/api.w.org\/{rel}","templated":true}]}}